{"id":363,"date":"2016-07-28T23:06:21","date_gmt":"2016-07-28T23:06:21","guid":{"rendered":"http:\/\/themenectar.com\/demo\/salient-app\/?page_id=363"},"modified":"2025-11-22T02:38:21","modified_gmt":"2025-11-22T02:38:21","slug":"faq","status":"publish","type":"page","link":"https:\/\/omeusangue.apcl.pt\/wp\/?page_id=363","title":{"rendered":"FAQ &#8211; App Demo"},"content":{"rendered":"[vc_row type=&#8221;full_width_background&#8221; full_screen_row_position=&#8221;middle&#8221; column_margin=&#8221;default&#8221; column_direction=&#8221;default&#8221; column_direction_tablet=&#8221;default&#8221; column_direction_phone=&#8221;default&#8221; bg_color=&#8221;#f7f7f7&#8243; scene_position=&#8221;center&#8221; top_padding=&#8221;100&#8243; bottom_padding=&#8221;100&#8243; text_color=&#8221;dark&#8221; text_align=&#8221;left&#8221; row_border_radius=&#8221;none&#8221; row_border_radius_applies=&#8221;bg&#8221; overflow=&#8221;visible&#8221; overlay_strength=&#8221;0.3&#8243; gradient_direction=&#8221;left_to_right&#8221; shape_divider_position=&#8221;bottom&#8221; bg_image_animation=&#8221;none&#8221;][vc_column column_padding=&#8221;no-extra-padding&#8221; column_padding_tablet=&#8221;inherit&#8221; column_padding_phone=&#8221;inherit&#8221; column_padding_position=&#8221;all&#8221; column_element_direction_desktop=&#8221;default&#8221; column_element_spacing=&#8221;default&#8221; desktop_text_alignment=&#8221;default&#8221; tablet_text_alignment=&#8221;default&#8221; phone_text_alignment=&#8221;default&#8221; background_color_opacity=&#8221;1&#8243; background_hover_color_opacity=&#8221;1&#8243; column_backdrop_filter=&#8221;none&#8221; column_shadow=&#8221;none&#8221; column_border_radius=&#8221;none&#8221; column_link_target=&#8221;_self&#8221; column_position=&#8221;default&#8221; gradient_direction=&#8221;left_to_right&#8221; overlay_strength=&#8221;0.3&#8243; width=&#8221;1\/1&#8243; tablet_width_inherit=&#8221;default&#8221; animation_type=&#8221;default&#8221; bg_image_animation=&#8221;none&#8221; border_type=&#8221;simple&#8221; column_border_width=&#8221;none&#8221; column_border_style=&#8221;solid&#8221;][vc_column_text css=&#8221;&#8221; text_direction=&#8221;default&#8221;]\n<h2>Perguntas Frequentes<\/h2>\n[\/vc_column_text][toggles style=&#8221;minimal&#8221;][toggle color=&#8221;Default&#8221; heading_tag=&#8221;default&#8221; heading_tag_functionality=&#8221;default&#8221; title=&#8221;A quem se destina esta aplica\u00e7\u00e3o?&#8221;][vc_column_text css=&#8221;&#8221; text_direction=&#8221;default&#8221;]Destina-se a pessoas, maiores de idade, com doen\u00e7a hemato-oncol\u00f3gica, e\/ou seus cuidadores.[\/vc_column_text][\/toggle][toggle color=&#8221;Default&#8221; heading_tag=&#8221;default&#8221; heading_tag_functionality=&#8221;default&#8221; title=&#8221;Os meus dados de sa\u00fade est\u00e3o seguros?&#8221;][vc_column_text css=&#8221;&#8221; text_direction=&#8221;default&#8221;]Sim. Todos os dados s\u00e3o armazenados de forma segura e encriptada, respeitando os <u>Termos de utiliza\u00e7\u00e3o<\/u> e a <u>Pol\u00edtica de privacidade<\/u>. Apenas a pessoa titular da conta (utilizador) e\/ou cuidador t\u00eam acesso \u00e0s suas informa\u00e7\u00f5es pessoais.[\/vc_column_text][\/toggle][toggle color=&#8221;Default&#8221; heading_tag=&#8221;default&#8221; heading_tag_functionality=&#8221;default&#8221; title=&#8221;\u00c9 necess\u00e1rio estar sempre ligado \u00e0 internet para usar a aplica\u00e7\u00e3o?&#8221;][vc_column_text css=&#8221;&#8221; text_direction=&#8221;default&#8221;]N\u00e3o. Pode registar dados e consultar informa\u00e7\u00f5es mesmo sem liga\u00e7\u00e3o \u00e0 internet. No entanto, para realizar backups e sincronizar os dados, precisa de estar online.[\/vc_column_text][\/toggle][toggle color=&#8221;Default&#8221; heading_tag=&#8221;default&#8221; heading_tag_functionality=&#8221;default&#8221; title=&#8221;A aplica\u00e7\u00e3o envia-me avisos (lembretes ou notifica\u00e7\u00f5es) para medica\u00e7\u00e3o, consultas e outros compromissos?&#8221;][vc_column_text css=&#8221;&#8221; text_direction=&#8221;default&#8221;]Sim. A agenda permite adicionar eventos m\u00e9dicos (como toma de medicamentos, an\u00e1lises, consultas e exames) e receber notifica\u00e7\u00f5es sobre os mesmos. No entanto, em momento algum pode responsabilizar a APCL caso a aplica\u00e7\u00e3o falhe no envio de avisos.[\/vc_column_text][\/toggle][toggle color=&#8221;Default&#8221; heading_tag=&#8221;default&#8221; heading_tag_functionality=&#8221;default&#8221; title=&#8221;Posso registar sintomas e efeitos secund\u00e1rios?&#8221;][vc_column_text css=&#8221;&#8221; text_direction=&#8221;default&#8221;]Sim. Pode registar dor, efeitos secund\u00e1rios da medica\u00e7\u00e3o, peso, resultados laboratoriais e mais. Alguns desses dados geram gr\u00e1ficos para poder acompanhar a evolu\u00e7\u00e3o ao longo do tempo.[\/vc_column_text][\/toggle][toggle color=&#8221;Default&#8221; heading_tag=&#8221;default&#8221; heading_tag_functionality=&#8221;default&#8221; title=&#8221;Posso partilhar os meus dados com a equipa m\u00e9dica?&#8221;][vc_column_text css=&#8221;&#8221; text_direction=&#8221;default&#8221;]Atualmente, os dados s\u00e3o armazenados apenas no seu perfil. Numa vers\u00e3o futura da app, poder\u00e1 ser poss\u00edvel exportar relat\u00f3rios para partilhar com profissionais de sa\u00fade.[\/vc_column_text][\/toggle][toggle color=&#8221;Default&#8221; heading_tag=&#8221;default&#8221; heading_tag_functionality=&#8221;default&#8221; title=&#8221;A aplica\u00e7\u00e3o d\u00e1 conselhos m\u00e9dicos?&#8221;][vc_column_text css=&#8221;&#8221; text_direction=&#8221;default&#8221;]N\u00e3o. A aplica\u00e7\u00e3o serve apenas como apoio ao auto-registo dos diversos eventos e monitoriza\u00e7\u00e3o do seu estado de sa\u00fade. Qualquer decis\u00e3o cl\u00ednica deve ser tomada em conjunto com a sua equipa m\u00e9dica.[\/vc_column_text][\/toggle][toggle color=&#8221;Default&#8221; heading_tag=&#8221;default&#8221; heading_tag_functionality=&#8221;default&#8221; title=&#8221;A aplica\u00e7\u00e3o permite liga\u00e7\u00e3o com outras funcionalidades do meu telefone?&#8221;][vc_column_text css=&#8221;&#8221; text_direction=&#8221;default&#8221;]N\u00e3o. Atualmente, a aplica\u00e7\u00e3o funciona de forma completamente independente de outras aplica\u00e7\u00f5es que tenha no seu smartphone.[\/vc_column_text][\/toggle][toggle color=&#8221;Default&#8221; heading_tag=&#8221;default&#8221; heading_tag_functionality=&#8221;default&#8221; title=&#8221;A app tem custos?&#8221;][vc_column_text css=&#8221;&#8221; text_direction=&#8221;default&#8221;]A aplica\u00e7\u00e3o \u00e9 gratuita para utiliza\u00e7\u00e3o pessoal. Caso haja altera\u00e7\u00f5es neste modelo, ser\u00e1 informado previamente.[\/vc_column_text][\/toggle][toggle color=&#8221;Default&#8221; heading_tag=&#8221;default&#8221; heading_tag_functionality=&#8221;default&#8221; title=&#8221;Como posso apagar os meus dados?&#8221;][vc_column_text css=&#8221;&#8221; text_direction=&#8221;default&#8221;]Pode apagar a sua conta e todos os seus dados pessoais em qualquer momento atrav\u00e9s das defini\u00e7\u00f5es da aplica\u00e7\u00e3o.[\/vc_column_text][\/toggle][\/toggles][\/vc_column][\/vc_row]\n","protected":false},"excerpt":{"rendered":"<p>[vc_row type=&#8221;full_width_background&#8221; full_screen_row_position=&#8221;middle&#8221; column_margin=&#8221;default&#8221; column_direction=&#8221;default&#8221; column_direction_tablet=&#8221;default&#8221; column_direction_phone=&#8221;default&#8221; bg_color=&#8221;#f7f7f7&#8243; scene_position=&#8221;center&#8221; top_padding=&#8221;100&#8243; bottom_padding=&#8221;100&#8243; text_color=&#8221;dark&#8221; text_align=&#8221;left&#8221; row_border_radius=&#8221;none&#8221; row_border_radius_applies=&#8221;bg&#8221; overflow=&#8221;visible&#8221; overlay_strength=&#8221;0.3&#8243; gradient_direction=&#8221;left_to_right&#8221; shape_divider_position=&#8221;bottom&#8221; bg_image_animation=&#8221;none&#8221;][vc_column column_padding=&#8221;no-extra-padding&#8221; column_padding_tablet=&#8221;inherit&#8221; column_padding_phone=&#8221;inherit&#8221; column_padding_position=&#8221;all&#8221; column_element_direction_desktop=&#8221;default&#8221; column_element_spacing=&#8221;default&#8221; desktop_text_alignment=&#8221;default&#8221; tablet_text_alignment=&#8221;default&#8221; phone_text_alignment=&#8221;default&#8221; background_color_opacity=&#8221;1&#8243;&#8230;<\/p>\n","protected":false},"author":1,"featured_media":0,"parent":0,"menu_order":0,"comment_status":"closed","ping_status":"closed","template":"","meta":{"footnotes":""},"class_list":["post-363","page","type-page","status-publish"],"_links":{"self":[{"href":"https:\/\/omeusangue.apcl.pt\/wp\/index.php?rest_route=\/wp\/v2\/pages\/363","targetHints":{"allow":["GET"]}}],"collection":[{"href":"https:\/\/omeusangue.apcl.pt\/wp\/index.php?rest_route=\/wp\/v2\/pages"}],"about":[{"href":"https:\/\/omeusangue.apcl.pt\/wp\/index.php?rest_route=\/wp\/v2\/types\/page"}],"author":[{"embeddable":true,"href":"https:\/\/omeusangue.apcl.pt\/wp\/index.php?rest_route=\/wp\/v2\/users\/1"}],"replies":[{"embeddable":true,"href":"https:\/\/omeusangue.apcl.pt\/wp\/index.php?rest_route=%2Fwp%2Fv2%2Fcomments&post=363"}],"version-history":[{"count":3,"href":"https:\/\/omeusangue.apcl.pt\/wp\/index.php?rest_route=\/wp\/v2\/pages\/363\/revisions"}],"predecessor-version":[{"id":4293,"href":"https:\/\/omeusangue.apcl.pt\/wp\/index.php?rest_route=\/wp\/v2\/pages\/363\/revisions\/4293"}],"wp:attachment":[{"href":"https:\/\/omeusangue.apcl.pt\/wp\/index.php?rest_route=%2Fwp%2Fv2%2Fmedia&parent=363"}],"curies":[{"name":"wp","href":"https:\/\/api.w.org\/{rel}","templated":true}]}}